{"id":1046,"date":"2025-05-10T16:52:01","date_gmt":"2025-05-10T16:52:01","guid":{"rendered":"https:\/\/gagnonimmigration.com\/aviso-legal\/"},"modified":"2025-05-19T10:42:39","modified_gmt":"2025-05-19T10:42:39","slug":"aviso-legal","status":"publish","type":"page","link":"https:\/\/gagnonimmigration.com\/fr\/aviso-legal\/","title":{"rendered":"Avis juridique"},"content":{"rendered":"<h2>Identificaci\u00f3n y Titularidad<\/h2>\n\n<p>\n\t\tLe Propri\u00e9taire pr\u00e9sente ci-dessous ses informations d'identification :\n<\/p>\n\n<p>\n\t<ul>\t\t\n\t\t<li>\n\t\t\t<b>Propri\u00e9taire :<\/b>&nbsp;\t\t\n\t\t\tSonia Gagnon.\n\t\t\t\n\t\t<\/li>\n\t\t\n\n\n\t\t<li>\n\t\t\t<b>Domicile :<\/b>&nbsp;\n\t\t\t 44 Notre-Dame St E,,  Quebec - Canad\u00e1.\n\t\t<\/li>\n\t\t\n\t\t<li>\n\t\t\t<b>Courriel :<\/b>&nbsp;\n\t\t\tinfo@gagnonimmigration.com\n\t\t<\/li>\n\t\t\n\n\t\t<li>\n\t\t\t<b>Site Web :<\/b>&nbsp;\n\t\t\t<a href=\"https:\/\/gagnonimmigration.com\/fr\/\">https:\/\/gagnonimmigration.com<\/a>\n\t\t<\/li>\n\t<\/ul>\n<\/p>\n\n<h2>Finalit\u00e9<\/h2>\n<p>\n\tLa finalit\u00e9 du site Web est : Conseil en immigration.\t\n<\/p>\n\n\n<h2>Conditions d'utilisation<\/h2>\n<p>\n\tL'utilisation de ce site Web vous conf\u00e8re le statut d'utilisateur et implique l'acceptation pleine et enti\u00e8re de toutes les clauses et conditions d'utilisation incluses dans les pages suivantes :\n\t<ul>\t\t\n\t\t<li><a href=\"https:\/\/gagnonimmigration.com\/fr\/aviso-legal\/\">Avis juridique<\/a><\/li>\n\t\t<li><a href=\"https:\/\/gagnonimmigration.com\/fr\/politica-de-privacidad\/\">Politique de confidentialit\u00e9<\/a><\/li>\n\t\t<li><a href=\"https:\/\/gagnonimmigration.com\/fr\/politica-de-cookies\/\">t\u00e9moins de connexion<\/a><\/li>\n\t<\/ul>\t\n<\/p>\n\n<p>\n\tSi vous n'\u00eates pas d'accord avec toutes et chacune de ces clauses et conditions, veuillez vous abstenir d'utiliser le site Web.\n<\/p>\n\n<p>\t\n\tL'acc\u00e8s au site Web ne constitue en aucun cas le d\u00e9but d'une relation commerciale avec le Propri\u00e9taire.\n<\/p>\n\n<p>\t\n\tVia le site Web, le Propri\u00e9taire vous facilite l'acc\u00e8s et l'utilisation de divers contenus que le Propri\u00e9taire et\/ou ses collaborateurs ont publi\u00e9s sur Internet.\n<\/p>\n\n<p>\n\t\u00c0 cette fin, vous \u00eates tenu et vous vous engagez \u00e0 NE PAS utiliser l'un ou l'autre des contenus du site Web \u00e0 des fins ou des effets illicites, interdits par cet avis juridique ou par la l\u00e9gislation en vigueur, portant atteinte aux droits et int\u00e9r\u00eats de tiers, ou qui, de quelque mani\u00e8re que ce soit, pourraient endommager, rendre inutilisable, surcharger, d\u00e9t\u00e9riorer ou emp\u00eacher l'utilisation normale des contenus, des \u00e9quipements informatiques ou des documents, fichiers et toutes sortes de contenus stock\u00e9s dans tout \u00e9quipement informatique appartenant au Propri\u00e9taire ou lou\u00e9 par lui, d'autres utilisateurs ou de tout utilisateur d'Internet.\n<\/p>\n\n<p>\n\tLe Propri\u00e9taire se r\u00e9serve le droit de retirer tout commentaire qui contrevient \u00e0 la l\u00e9gislation en vigueur, qui porte atteinte aux droits ou aux int\u00e9r\u00eats de tiers, ou qui, \u00e0 son avis, n'est pas appropri\u00e9 pour publication.\n<\/p>\n<p>\n\tLe Propri\u00e9taire ne sera pas responsable des opinions exprim\u00e9es par les utilisateurs via le syst\u00e8me de commentaires, les r\u00e9seaux sociaux ou d'autres outils de participation, conform\u00e9ment aux dispositions de la r\u00e9glementation applicable.\n<\/p>\n\n\n\n\n\n<h2>Mesures de s\u00e9curit\u00e9<\/h2>\n<p>\n\tLes donn\u00e9es personnelles que vous fournissez au Propri\u00e9taire peuvent \u00eatre stock\u00e9es dans des bases de donn\u00e9es automatis\u00e9es ou non, dont la propri\u00e9t\u00e9 exclusive revient au Propri\u00e9taire. Ce dernier prend toutes les mesures techniques, organisationnelles et de s\u00e9curit\u00e9 n\u00e9cessaires pour garantir la confidentialit\u00e9, l'int\u00e9grit\u00e9 et la qualit\u00e9 des informations qu'elles contiennent, conform\u00e9ment \u00e0 la r\u00e9glementation en vigueur sur la protection des donn\u00e9es.\n<\/p>\n<p>\n\tIl faut cependant \u00eatre conscient que les mesures de s\u00e9curit\u00e9 des syst\u00e8mes informatiques sur Internet ne sont pas enti\u00e8rement fiables. Par cons\u00e9quent, le Propri\u00e9taire ne peut garantir l'absence de virus ou d'autres \u00e9l\u00e9ments qui pourraient alt\u00e9rer les syst\u00e8mes informatiques (logiciels et mat\u00e9riels) de l'utilisateur, ou ses documents \u00e9lectroniques et fichiers qui y sont contenus. Cela dit, le Propri\u00e9taire met en \u0153uvre tous les moyens n\u00e9cessaires et prend les mesures de s\u00e9curit\u00e9 appropri\u00e9es pour \u00e9viter la pr\u00e9sence de ces \u00e9l\u00e9ments nuisibles.\n\n\nFuentes\n<\/p>\n\n\n<h2>Traitement des donn\u00e9es personnelles<\/h2>\n<p>\t\n\tVous pouvez consulter toutes les informations relatives au traitement des donn\u00e9es personnelles recueillies par le Propri\u00e9taire sur la page de la Politique de confidentialit\u00e9.  <a href=\"https:\/\/gagnonimmigration.com\/fr\/politica-de-privacidad\/\">Politique de confidentialit\u00e9<\/a>.\n<\/p>\n\n<h2>Contenus<\/h2>\n<p>\n\tLe Propri\u00e9taire a obtenu les informations, le contenu multim\u00e9dia et les mat\u00e9riaux inclus sur le site Web de sources qu'il estime fiables. Cependant, bien qu'il ait pris toutes les mesures raisonnables pour s'assurer que les informations contenues sont exactes, le Propri\u00e9taire ne garantit pas qu'elles soient compl\u00e8tes ou \u00e0 jour. Le Propri\u00e9taire d\u00e9cline express\u00e9ment toute responsabilit\u00e9 pour toute erreur ou omission dans les informations contenues sur les pages du site Web.\n\n\nFuentes\n<\/p>\n\n<p>\n\tIl est interdit de transmettre ou d'envoyer via le site Web tout contenu ill\u00e9gal ou illicite, des virus informatiques, ou des messages qui, de mani\u00e8re g\u00e9n\u00e9rale, affectent ou violent les droits du Propri\u00e9taire ou de tiers.\n\n\nFuentes\n<\/p>\n\n<p>\n\tLes contenus du site Web ont uniquement une finalit\u00e9 informative et ne doivent en aucun cas \u00eatre utilis\u00e9s ou consid\u00e9r\u00e9s comme une offre de vente, une sollicitation d'une offre d'achat ou une recommandation pour effectuer toute autre op\u00e9ration, sauf indication contraire expresse.\n\n\nFuentes\n<\/p>\n\n<p>\n\tLe Propri\u00e9taire se r\u00e9serve le droit de modifier, suspendre, annuler ou restreindre le contenu du site Web, les liens ou les informations obtenues via le site Web, sans pr\u00e9avis.\n<\/p>\n\n<p>\n\tEl Titular\u00a0no es responsable de los da\u00f1os y perjuicios que pudieran derivarse de la utilizaci\u00f3n de la informaci\u00f3n del Sitio Web o de la contenida en las redes sociales del Titular.\n<\/p>\n\n\n<h2>Politique de t\u00e9moins<\/h2>\n<p>\n\tPuede consultar toda la informaci\u00f3n relativa a la pol\u00edtica de recogida y tratamiento de las cookies en la p\u00e1gina de  <a href=\"https:\/\/gagnonimmigration.com\/fr\/politica-de-cookies\/\">t\u00e9moins de connexion<\/a>.\n<\/p>\n\n\n<h2>Liens vers d'autres sites Web<\/h2>\n<p>\n\tLe Propri\u00e9taire peut vous fournir un acc\u00e8s \u00e0 des sites Web de tiers au moyen de liens dans le seul but de vous informer de l'existence d'autres sources d'information sur Internet o\u00f9 vous pourrez approfondir les donn\u00e9es offertes sur le site Web.\n<\/p>\n\n<p>\t\n\tEstos enlaces a otros sitios Web no suponen en ning\u00fan caso una sugerencia o recomendaci\u00f3n para que usted visite las p\u00e1ginas web de destino, que est\u00e1n fuera del control del Titular, por lo que el Titular no es responsable del contenido de los sitios web vinculados ni del resultado que obtenga al seguir los enlaces.\n\tAsimismo, el Titular no responde de los links o enlaces ubicados en los sitios web vinculados a los que le proporciona acceso.\n<\/p>\n\n<p>\n\tL'\u00e9tablissement du lien n'implique en aucun cas l'existence de relations entre le Propri\u00e9taire et le propri\u00e9taire du site o\u00f9 le lien est \u00e9tabli, ni l'acceptation ou l'approbation par le Propri\u00e9taire de ses contenus ou services.\n<\/p>\n\n<p>\t\n\tSi vous acc\u00e9dez \u00e0 un site Web externe depuis un lien trouv\u00e9 sur notre site Web, vous devez lire la politique de confidentialit\u00e9 de cet autre site Web, qui peut \u00eatre diff\u00e9rente de celle de notre site Web.\n<\/p>\n\n\n\n<h2>Propri\u00e9t\u00e9 intellectuelle et industrielle<\/h2>\n<p>\n\tTous les droits sont r\u00e9serv\u00e9s.\n<\/p>\n<p>\n\tTout acc\u00e8s \u00e0 ce site Web est soumis aux conditions suivantes : la reproduction, le stockage permanent et la diffusion des contenus ou toute autre utilisation \u00e0 des fins publiques ou commerciales est express\u00e9ment interdite sans le consentement \u00e9crit pr\u00e9alable et expr\u00e8s du Propri\u00e9taire.\n<\/p>\n\n\n<h2>Limitation de responsabilit\u00e9<\/h2>\n<p>\n\tLes informations et les services inclus ou disponibles via le site Web peuvent contenir des inexactitudes ou des erreurs typographiques. Le Propri\u00e9taire int\u00e8gre p\u00e9riodiquement des am\u00e9liorations et\/ou des modifications aux informations et\/ou aux services, et ce, \u00e0 tout moment.\n<\/p>\n<p>\n\tLe Propri\u00e9taire ne d\u00e9clare ni ne garantit que les services ou les contenus seront ininterrompus ou sans erreur, que les d\u00e9fauts seront corrig\u00e9s, ou que le service ou le serveur qui le met \u00e0 disposition seront exempts de virus ou d'autres composants nuisibles, m\u00eame si le Propri\u00e9taire fait tous les efforts n\u00e9cessaires pour \u00e9viter ce type d'incidents.\n<\/p>\n<p>\n\tLe Propri\u00e9taire d\u00e9cline toute responsabilit\u00e9 en cas d'interruptions ou de mauvais fonctionnement des Services ou contenus offerts sur Internet, quelle qu'en soit la cause. De m\u00eame, le Propri\u00e9taire n'est pas responsable des pannes de r\u00e9seau, des pertes commerciales r\u00e9sultant de ces pannes, des suspensions temporaires de courant \u00e9lectrique ou de tout autre type de dommage indirect qui pourrait vous \u00eatre caus\u00e9 par des raisons ind\u00e9pendantes du Propri\u00e9taire.\n<\/p>\n<p>\n\tAvant de prendre des d\u00e9cisions et\/ou d'entreprendre des actions bas\u00e9es sur les informations incluses dans le site Web, le Propri\u00e9taire vous recommande de v\u00e9rifier et de croiser les informations re\u00e7ues avec d'autres sources.\n<\/p>\n\n\n\n\n<h2>Contact<\/h2>\n<p>\t\n\tSi vous avez des questions concernant cet Avis L\u00e9gal ou si vous souhaitez faire des commentaires sur le site Web, vous pouvez envoyer un courriel \u00e0 l'adresse suivante : info@gagnonimmigration.com.\n\n\nFuentes\n<\/p>\n\n<h2 class=\"wp-block-heading\">Identification et propri\u00e9t\u00e9<\/h2>\n\n\n\n<p>Le Propri\u00e9taire pr\u00e9sente ci-dessous ses informations d'identification :<\/p>\n\n\n\n<ul class=\"wp-block-list\">\n<li><strong>Propri\u00e9taire :<\/strong>\u00a0 Sonia Gagnon.<\/li>\n\n\n\n<li><strong>NIF:<\/strong>\u00a0Y1234567Z<\/li>\n\n\n\n<li><strong>Domicile :<\/strong>\u00a0 44 Notre-Dame St E,, Quebec &#8211; Canad\u00e1.<\/li>\n\n\n\n<li><strong>Courriel :<\/strong>\u00a0 info@gagnonimmigration.com<\/li>\n\n\n\n<li><strong>Site Web :<\/strong>\u00a0\u00a0<a href=\"https:\/\/gagnonimmigration.com\/fr\/\">https:\/\/gagnonimmigration.com<\/a><\/li>\n<\/ul>\n\n\n\n<h2 class=\"wp-block-heading\">Finalit\u00e9<\/h2>\n\n\n\n<p>La finalit\u00e9 du site Web est : Conseil en immigration.<\/p>\n\n\n\n<h2 class=\"wp-block-heading\">Conditions d'utilisation<\/h2>\n\n\n\n<p>L'utilisation de ce site Web vous conf\u00e8re le statut d'utilisateur et implique l'acceptation pleine et enti\u00e8re de toutes les clauses et conditions d'utilisation incluses dans les pages suivantes :<\/p>\n\n\n\n<ul class=\"wp-block-list\">\n<li><a href=\"https:\/\/gagnonimmigration.com\/fr\/aviso-legal\/\">Avis juridique<\/a><\/li>\n\n\n\n<li><a href=\"https:\/\/gagnonimmigration.com\/fr\/politica-de-privacidad\/\">Politique de confidentialit\u00e9<\/a><\/li>\n<\/ul>\n\n\n\n<p>Si vous n'\u00eates pas d'accord avec toutes et chacune de ces clauses et conditions, veuillez vous abstenir d'utiliser le site Web.<\/p>\n\n\n\n<p>L'acc\u00e8s au site Web ne constitue en aucun cas le d\u00e9but d'une relation commerciale avec le Propri\u00e9taire.<\/p>\n\n\n\n<p>Via le site Web, le Propri\u00e9taire vous facilite l'acc\u00e8s et l'utilisation de divers contenus que le Propri\u00e9taire et\/ou ses collaborateurs ont publi\u00e9s sur Internet.<\/p>\n\n\n\n<p>\u00c0 cette fin, vous \u00eates tenu et vous vous engagez \u00e0 NE PAS utiliser l'un ou l'autre des contenus du site Web \u00e0 des fins ou des effets illicites, interdits par cet avis juridique ou par la l\u00e9gislation en vigueur, portant atteinte aux droits et int\u00e9r\u00eats de tiers, ou qui, de quelque mani\u00e8re que ce soit, pourraient endommager, rendre inutilisable, surcharger, d\u00e9t\u00e9riorer ou emp\u00eacher l'utilisation normale des contenus, des \u00e9quipements informatiques ou des documents, fichiers et toutes sortes de contenus stock\u00e9s dans tout \u00e9quipement informatique appartenant au Propri\u00e9taire ou lou\u00e9 par lui, d'autres utilisateurs ou de tout utilisateur d'Internet.<\/p>\n\n\n\n<p>Le Propri\u00e9taire se r\u00e9serve le droit de retirer tout commentaire qui contrevient \u00e0 la l\u00e9gislation en vigueur, qui porte atteinte aux droits ou aux int\u00e9r\u00eats de tiers, ou qui, \u00e0 son avis, n'est pas appropri\u00e9 pour publication.<\/p>\n\n\n\n<p>Le Propri\u00e9taire ne sera pas responsable des opinions exprim\u00e9es par les utilisateurs via le syst\u00e8me de commentaires, les r\u00e9seaux sociaux ou d'autres outils de participation, conform\u00e9ment aux dispositions de la r\u00e9glementation applicable.<\/p>\n\n\n\n<h2 class=\"wp-block-heading\">Mesures de s\u00e9curit\u00e9<\/h2>\n\n\n\n<p>Les donn\u00e9es personnelles que vous fournissez au Propri\u00e9taire peuvent \u00eatre stock\u00e9es dans des bases de donn\u00e9es automatis\u00e9es ou non, dont la propri\u00e9t\u00e9 exclusive revient au Propri\u00e9taire. Ce dernier prend toutes les mesures techniques, organisationnelles et de s\u00e9curit\u00e9 n\u00e9cessaires pour garantir la confidentialit\u00e9, l'int\u00e9grit\u00e9 et la qualit\u00e9 des informations qu'elles contiennent, conform\u00e9ment \u00e0 la r\u00e9glementation en vigueur sur la protection des donn\u00e9es.<\/p>\n\n\n\n<p>Il faut cependant \u00eatre conscient que les mesures de s\u00e9curit\u00e9 des syst\u00e8mes informatiques sur Internet ne sont pas enti\u00e8rement fiables. Par cons\u00e9quent, le Propri\u00e9taire ne peut garantir l'absence de virus ou d'autres \u00e9l\u00e9ments qui pourraient alt\u00e9rer les syst\u00e8mes informatiques (logiciels et mat\u00e9riels) de l'utilisateur, ou ses documents \u00e9lectroniques et fichiers qui y sont contenus. Cela dit, le Propri\u00e9taire met en \u0153uvre tous les moyens n\u00e9cessaires et prend les mesures de s\u00e9curit\u00e9 appropri\u00e9es pour \u00e9viter la pr\u00e9sence de ces \u00e9l\u00e9ments nuisibles.\n\n\nFuentes<\/p>\n\n\n\n<h2 class=\"wp-block-heading\">Traitement des donn\u00e9es personnelles<\/h2>\n\n\n\n<p>Vous pouvez consulter toutes les informations relatives au traitement des donn\u00e9es personnelles recueillies par le Propri\u00e9taire sur la page de la Politique de confidentialit\u00e9.&nbsp;<a href=\"https:\/\/gagnonimmigration.com\/fr\/politica-de-privacidad\/\">Politique de confidentialit\u00e9<\/a>.<\/p>\n\n\n\n<h2 class=\"wp-block-heading\">Contenus<\/h2>\n\n\n\n<p>Le Propri\u00e9taire a obtenu les informations, le contenu multim\u00e9dia et les mat\u00e9riaux inclus sur le site Web de sources qu'il estime fiables. Cependant, bien qu'il ait pris toutes les mesures raisonnables pour s'assurer que les informations contenues sont exactes, le Propri\u00e9taire ne garantit pas qu'elles soient compl\u00e8tes ou \u00e0 jour. Le Propri\u00e9taire d\u00e9cline express\u00e9ment toute responsabilit\u00e9 pour toute erreur ou omission dans les informations contenues sur les pages du site Web.\n\n\nFuentes<\/p>\n\n\n\n<p>Il est interdit de transmettre ou d'envoyer via le site Web tout contenu ill\u00e9gal ou illicite, des virus informatiques, ou des messages qui, de mani\u00e8re g\u00e9n\u00e9rale, affectent ou violent les droits du Propri\u00e9taire ou de tiers.\n\n\nFuentes<\/p>\n\n\n\n<p>Les contenus du site Web ont uniquement une finalit\u00e9 informative et ne doivent en aucun cas \u00eatre utilis\u00e9s ou consid\u00e9r\u00e9s comme une offre de vente, une sollicitation d'une offre d'achat ou une recommandation pour effectuer toute autre op\u00e9ration, sauf indication contraire expresse.\n\n\nFuentes<\/p>\n\n\n\n<p>Le Propri\u00e9taire se r\u00e9serve le droit de modifier, suspendre, annuler ou restreindre le contenu du site Web, les liens ou les informations obtenues via le site Web, sans pr\u00e9avis.<\/p>\n\n\n\n<p>Le Propri\u00e9taire n'est pas responsable des dommages qui pourraient d\u00e9couler de l'utilisation des informations du site Web ou de celles contenues dans les r\u00e9seaux sociaux du Propri\u00e9taire.\n\n\nFuentes<\/p>\n\n\n\n<h2 class=\"wp-block-heading\">Politique de t\u00e9moins<\/h2>\n\n\n\n<p>Le Propri\u00e9taire obtient et conserve les informations suivantes concernant les visiteurs du site Web :<\/p>\n\n\n\n<ul class=\"wp-block-list\">\n<li>Le nom de domaine du fournisseur de services Internet (FSI) et\/ou l'adresse IP qui leur donne acc\u00e8s au r\u00e9seau.<\/li>\n\n\n\n<li>La date et l'heure d'acc\u00e8s au site Web.<\/li>\n\n\n\n<li>L'adresse Internet d'origine du lien qui dirige vers le site Web.<\/li>\n\n\n\n<li>Le nombre de visiteurs quotidiens pour chaque section.<\/li>\n\n\n\n<li>Les informations obtenues sont totalement anonymes et ne peuvent en aucun cas \u00eatre associ\u00e9es \u00e0 un utilisateur sp\u00e9cifique et identifi\u00e9.<\/li>\n<\/ul>\n\n\n\n<h2 class=\"wp-block-heading\">Liens vers d'autres sites Web<\/h2>\n\n\n\n<p>Le Propri\u00e9taire peut vous fournir un acc\u00e8s \u00e0 des sites Web de tiers au moyen de liens dans le seul but de vous informer de l'existence d'autres sources d'information sur Internet o\u00f9 vous pourrez approfondir les donn\u00e9es offertes sur le site Web.<\/p>\n\n\n\n<p>Ces liens vers d'autres sites Web ne constituent en aucun cas une suggestion ou une recommandation de visiter les pages Web de destination. Celles-ci sont hors du contr\u00f4le du Propri\u00e9taire, et par cons\u00e9quent, le Propri\u00e9taire n'est pas responsable du contenu des sites Web li\u00e9s ni du r\u00e9sultat que vous pourriez obtenir en suivant ces liens. De m\u00eame, le Propri\u00e9taire n'est pas responsable des liens situ\u00e9s sur les sites Web li\u00e9s auxquels il vous donne acc\u00e8s.\n\n\nFuentes<\/p>\n\n\n\n<p>L'\u00e9tablissement du lien n'implique en aucun cas l'existence de relations entre le Propri\u00e9taire et le propri\u00e9taire du site o\u00f9 le lien est \u00e9tabli, ni l'acceptation ou l'approbation par le Propri\u00e9taire de ses contenus ou services.<\/p>\n\n\n\n<p>Si vous acc\u00e9dez \u00e0 un site Web externe depuis un lien trouv\u00e9 sur notre site Web, vous devez lire la politique de confidentialit\u00e9 de cet autre site Web, qui peut \u00eatre diff\u00e9rente de celle de notre site Web.<\/p>\n\n\n\n<h2 class=\"wp-block-heading\">Propri\u00e9t\u00e9 intellectuelle et industrielle<\/h2>\n\n\n\n<p>Tous les droits sont r\u00e9serv\u00e9s.<\/p>\n\n\n\n<p>Tout acc\u00e8s \u00e0 ce site Web est soumis aux conditions suivantes : la reproduction, le stockage permanent et la diffusion des contenus ou toute autre utilisation \u00e0 des fins publiques ou commerciales est express\u00e9ment interdite sans le consentement \u00e9crit pr\u00e9alable et expr\u00e8s du Propri\u00e9taire.<\/p>\n\n\n\n<h2 class=\"wp-block-heading\">Limitation de responsabilit\u00e9<\/h2>\n\n\n\n<p>Les informations et les services inclus ou disponibles via le site Web peuvent contenir des inexactitudes ou des erreurs typographiques. Le Propri\u00e9taire int\u00e8gre p\u00e9riodiquement des am\u00e9liorations et\/ou des modifications aux informations et\/ou aux services, et ce, \u00e0 tout moment.<\/p>\n\n\n\n<p>Le Propri\u00e9taire ne d\u00e9clare ni ne garantit que les services ou les contenus seront ininterrompus ou sans erreur, que les d\u00e9fauts seront corrig\u00e9s, ou que le service ou le serveur qui le met \u00e0 disposition seront exempts de virus ou d'autres composants nuisibles, m\u00eame si le Propri\u00e9taire fait tous les efforts n\u00e9cessaires pour \u00e9viter ce type d'incidents.<\/p>\n\n\n\n<p>Le Propri\u00e9taire d\u00e9cline toute responsabilit\u00e9 en cas d'interruptions ou de mauvais fonctionnement des Services ou contenus offerts sur Internet, quelle qu'en soit la cause. De m\u00eame, le Propri\u00e9taire n'est pas responsable des pannes de r\u00e9seau, des pertes commerciales r\u00e9sultant de ces pannes, des suspensions temporaires de courant \u00e9lectrique ou de tout autre type de dommage indirect qui pourrait vous \u00eatre caus\u00e9 par des raisons ind\u00e9pendantes du Propri\u00e9taire.<\/p>\n\n\n\n<p>Avant de prendre des d\u00e9cisions et\/ou d'entreprendre des actions bas\u00e9es sur les informations incluses dans le site Web, le Propri\u00e9taire vous recommande de v\u00e9rifier et de croiser les informations re\u00e7ues avec d'autres sources.<\/p>\n\n\n\n<h2 class=\"wp-block-heading\">Contact<\/h2>\n\n\n\n<p>Si vous avez des questions concernant cet Avis L\u00e9gal ou si vous souhaitez faire des commentaires sur le site Web, vous pouvez envoyer un courriel \u00e0 l'adresse suivante : info@gagnonimmigration.com.\n\n\nFuentes<\/p>","protected":false},"excerpt":{"rendered":"<p>Identificaci\u00f3n y Titularidad A continuaci\u00f3n el Titular expone sus datos identificativos: Titular:&nbsp; Sonia Gagnon. Domicilio:&nbsp; 44 Notre-Dame St E,, Quebec &#8211; Canad\u00e1. Correo electr\u00f3nico:&nbsp; info@gagnonimmigration.com Sitio Web:&nbsp; https:\/\/gagnonimmigration.com Finalidad La finalidad del Sitio Web es: Asesoria de Inmigracion. Condiciones de Uso La utilizaci\u00f3n del Sitio Web le otorga la condici\u00f3n de Usuario, e implica la [&hellip;]<\/p>","protected":false},"author":1,"featured_media":0,"parent":0,"menu_order":0,"comment_status":"closed","ping_status":"closed","template":"page-template-blank.php","meta":{"_et_pb_use_builder":"off","_et_pb_old_content":"","_et_gb_content_width":"1080","footnotes":""},"class_list":["post-1046","page","type-page","status-publish","hentry"],"_links":{"self":[{"href":"https:\/\/gagnonimmigration.com\/fr\/wp-json\/wp\/v2\/pages\/1046","targetHints":{"allow":["GET"]}}],"collection":[{"href":"https:\/\/gagnonimmigration.com\/fr\/wp-json\/wp\/v2\/pages"}],"about":[{"href":"https:\/\/gagnonimmigration.com\/fr\/wp-json\/wp\/v2\/types\/page"}],"author":[{"embeddable":true,"href":"https:\/\/gagnonimmigration.com\/fr\/wp-json\/wp\/v2\/users\/1"}],"replies":[{"embeddable":true,"href":"https:\/\/gagnonimmigration.com\/fr\/wp-json\/wp\/v2\/comments?post=1046"}],"version-history":[{"count":4,"href":"https:\/\/gagnonimmigration.com\/fr\/wp-json\/wp\/v2\/pages\/1046\/revisions"}],"predecessor-version":[{"id":1075,"href":"https:\/\/gagnonimmigration.com\/fr\/wp-json\/wp\/v2\/pages\/1046\/revisions\/1075"}],"wp:attachment":[{"href":"https:\/\/gagnonimmigration.com\/fr\/wp-json\/wp\/v2\/media?parent=1046"}],"curies":[{"name":"wp","href":"https:\/\/api.w.org\/{rel}","templated":true}]}}